{"id":6,"date":"2022-12-20T15:27:42","date_gmt":"2022-12-20T14:27:42","guid":{"rendered":"http:\/\/dietetique-grenoble.fr\/?page_id=6"},"modified":"2025-11-12T18:22:11","modified_gmt":"2025-11-12T17:22:11","slug":"elodie-libert-dieteticienne","status":"publish","type":"page","link":"https:\/\/dietetique-grenoble.fr\/","title":{"rendered":"\u00c9lodie Libert Di\u00e9t\u00e9ticienne"},"content":{"rendered":"\n<div class=\"inherit-container-width wp-block-group is-layout-constrained\">\n<ul class=\"wp-block-social-links is-style-default is-content-justification-right is-layout-flex wp-container-1\"><li class=\"wp-social-link wp-social-link-facebook wp-block-social-link\"><a rel=\" noopener nofollow\" target=\"_blank\" href=\"https:\/\/www.facebook.com\/profile.php?id=100088849886530\" class=\"wp-block-social-link-anchor\"><svg width=\"24\" height=\"24\" viewBox=\"0 0 24 24\" version=\"1.1\" xmlns=\"http:\/\/www.w3.org\/2000\/svg\" aria-hidden=\"true\" focusable=\"false\"><path d=\"M12 2C6.5 2 2 6.5 2 12c0 5 3.7 9.1 8.4 9.9v-7H7.9V12h2.5V9.8c0-2.5 1.5-3.9 3.8-3.9 1.1 0 2.2.2 2.2.2v2.5h-1.3c-1.2 0-1.6.8-1.6 1.6V12h2.8l-.4 2.9h-2.3v7C18.3 21.1 22 17 22 12c0-5.5-4.5-10-10-10z\"><\/path><\/svg><span class=\"wp-block-social-link-label screen-reader-text\">Facebook<\/span><\/a><\/li>\n\n<li class=\"wp-social-link wp-social-link-linkedin wp-block-social-link\"><a rel=\" noopener nofollow\" target=\"_blank\" href=\"https:\/\/www.linkedin.com\/in\/elodie-libert-78b51416a\/\" class=\"wp-block-social-link-anchor\"><svg width=\"24\" height=\"24\" viewBox=\"0 0 24 24\" version=\"1.1\" xmlns=\"http:\/\/www.w3.org\/2000\/svg\" aria-hidden=\"true\" focusable=\"false\"><path d=\"M19.7,3H4.3C3.582,3,3,3.582,3,4.3v15.4C3,20.418,3.582,21,4.3,21h15.4c0.718,0,1.3-0.582,1.3-1.3V4.3 C21,3.582,20.418,3,19.7,3z M8.339,18.338H5.667v-8.59h2.672V18.338z M7.004,8.574c-0.857,0-1.549-0.694-1.549-1.548 c0-0.855,0.691-1.548,1.549-1.548c0.854,0,1.547,0.694,1.547,1.548C8.551,7.881,7.858,8.574,7.004,8.574z M18.339,18.338h-2.669 v-4.177c0-0.996-0.017-2.278-1.387-2.278c-1.389,0-1.601,1.086-1.601,2.206v4.249h-2.667v-8.59h2.559v1.174h0.037 c0.356-0.675,1.227-1.387,2.526-1.387c2.703,0,3.203,1.779,3.203,4.092V18.338z\"><\/path><\/svg><span class=\"wp-block-social-link-label screen-reader-text\">LinkedIn<\/span><\/a><\/li>\n\n<li class=\"wp-social-link wp-social-link-instagram wp-block-social-link\"><a rel=\" noopener nofollow\" target=\"_blank\" href=\"https:\/\/www.instagram.com\/elodie_libert_dieteticienne\/\" class=\"wp-block-social-link-anchor\"><svg width=\"24\" height=\"24\" viewBox=\"0 0 24 24\" version=\"1.1\" xmlns=\"http:\/\/www.w3.org\/2000\/svg\" aria-hidden=\"true\" focusable=\"false\"><path d=\"M12,4.622c2.403,0,2.688,0.009,3.637,0.052c0.877,0.04,1.354,0.187,1.671,0.31c0.42,0.163,0.72,0.358,1.035,0.673 c0.315,0.315,0.51,0.615,0.673,1.035c0.123,0.317,0.27,0.794,0.31,1.671c0.043,0.949,0.052,1.234,0.052,3.637 s-0.009,2.688-0.052,3.637c-0.04,0.877-0.187,1.354-0.31,1.671c-0.163,0.42-0.358,0.72-0.673,1.035 c-0.315,0.315-0.615,0.51-1.035,0.673c-0.317,0.123-0.794,0.27-1.671,0.31c-0.949,0.043-1.233,0.052-3.637,0.052 s-2.688-0.009-3.637-0.052c-0.877-0.04-1.354-0.187-1.671-0.31c-0.42-0.163-0.72-0.358-1.035-0.673 c-0.315-0.315-0.51-0.615-0.673-1.035c-0.123-0.317-0.27-0.794-0.31-1.671C4.631,14.688,4.622,14.403,4.622,12 s0.009-2.688,0.052-3.637c0.04-0.877,0.187-1.354,0.31-1.671c0.163-0.42,0.358-0.72,0.673-1.035 c0.315-0.315,0.615-0.51,1.035-0.673c0.317-0.123,0.794-0.27,1.671-0.31C9.312,4.631,9.597,4.622,12,4.622 M12,3 C9.556,3,9.249,3.01,8.289,3.054C7.331,3.098,6.677,3.25,6.105,3.472C5.513,3.702,5.011,4.01,4.511,4.511 c-0.5,0.5-0.808,1.002-1.038,1.594C3.25,6.677,3.098,7.331,3.054,8.289C3.01,9.249,3,9.556,3,12c0,2.444,0.01,2.751,0.054,3.711 c0.044,0.958,0.196,1.612,0.418,2.185c0.23,0.592,0.538,1.094,1.038,1.594c0.5,0.5,1.002,0.808,1.594,1.038 c0.572,0.222,1.227,0.375,2.185,0.418C9.249,20.99,9.556,21,12,21s2.751-0.01,3.711-0.054c0.958-0.044,1.612-0.196,2.185-0.418 c0.592-0.23,1.094-0.538,1.594-1.038c0.5-0.5,0.808-1.002,1.038-1.594c0.222-0.572,0.375-1.227,0.418-2.185 C20.99,14.751,21,14.444,21,12s-0.01-2.751-0.054-3.711c-0.044-0.958-0.196-1.612-0.418-2.185c-0.23-0.592-0.538-1.094-1.038-1.594 c-0.5-0.5-1.002-0.808-1.594-1.038c-0.572-0.222-1.227-0.375-2.185-0.418C14.751,3.01,14.444,3,12,3L12,3z M12,7.378 c-2.552,0-4.622,2.069-4.622,4.622S9.448,16.622,12,16.622s4.622-2.069,4.622-4.622S14.552,7.378,12,7.378z M12,15 c-1.657,0-3-1.343-3-3s1.343-3,3-3s3,1.343,3,3S13.657,15,12,15z M16.804,6.116c-0.596,0-1.08,0.484-1.08,1.08 s0.484,1.08,1.08,1.08c0.596,0,1.08-0.484,1.08-1.08S17.401,6.116,16.804,6.116z\"><\/path><\/svg><span class=\"wp-block-social-link-label screen-reader-text\">Instagram<\/span><\/a><\/li><\/ul>\n\n\n\n<h1 class=\"wp-block-heading\">Di\u00e9t\u00e9ticienne -Nutritionniste \u00e0 Grenoble<\/h1>\n\n\n\n<div class=\"wp-block-media-text alignwide is-stacked-on-mobile\" style=\"grid-template-columns:38% auto\"><figure class=\"wp-block-media-text__media\"><img decoding=\"async\" loading=\"lazy\" width=\"875\" height=\"1024\" src=\"https:\/\/dietetique-grenoble.fr\/wp-content\/uploads\/2023\/01\/docotlib-ok-875x1024.png\" alt=\"\" class=\"wp-image-150 size-full\" srcset=\"https:\/\/dietetique-grenoble.fr\/wp-content\/uploads\/2023\/01\/docotlib-ok-875x1024.png 875w, https:\/\/dietetique-grenoble.fr\/wp-content\/uploads\/2023\/01\/docotlib-ok-256x300.png 256w, https:\/\/dietetique-grenoble.fr\/wp-content\/uploads\/2023\/01\/docotlib-ok-768x899.png 768w, https:\/\/dietetique-grenoble.fr\/wp-content\/uploads\/2023\/01\/docotlib-ok.png 1046w\" sizes=\"(max-width: 875px) 100vw, 875px\" \/><\/figure><div class=\"wp-block-media-text__content\">\n<p>Di\u00e9t\u00e9ticienne-Nutritionniste depuis 9 ans, titulaire d\u2019un master en sant\u00e9 publique, sp\u00e9cialis\u00e9e dans la promotion, la pr\u00e9vention et l\u2019\u00e9ducation pour la sant\u00e9, je vous propose des consultations di\u00e9t\u00e9tiques, \u00e0 Grenoble.<\/p>\n\n\n\n<p>Ces consultations s\u2019adressent \u00e0 toutes les personnes qui souhaitent prendre soin de leur sant\u00e9&nbsp;(enfants, adolescents, adultes et personnes \u00e2g\u00e9es) pour des raisons pr\u00e9ventives ou curatives.<\/p>\n\n\n\n<p><strong>Pas de r\u00e9gime restrictif<\/strong> avec moi&nbsp;! Je m\u2019adapte \u00e0 vos besoins et nous voyons ensemble comment r\u00e9pondre au mieux \u00e0 vos attentes et vos objectifs. Je vous apprends \u00e0 r\u00e9\u00e9quilibrer votre alimentation \u00e0 votre rythme, sans contrainte, ni frustration (notamment par le jeu et des exercices ludiques). Vous serez alors acteur de votre sant\u00e9&nbsp;!<\/p>\n\n\n\n<p>Je vous attends pour aborder le sujet de votre alimentation, vous guider et am\u00e9liorer votre bien-\u00eatre.<\/p>\n\n\n\n<p>Renseignez-vous, certaines mutuelles prennent en charge les consultations. <\/p>\n<\/div><\/div>\n\n\n\n<p class=\"has-small-font-size\"><em>Le di\u00e9t\u00e9ticien nutritionniste est un professionnel de sant\u00e9 dipl\u00f4m\u00e9 d&rsquo;\u00e9tat, expert en nutrition et en alimentation. Je suis inscrite au r\u00e9pertoire des professionnels de sant\u00e9 sous le num\u00e9ro <\/em>RPPS&nbsp;: &nbsp;810006907967<\/p>\n<\/div>\n\n\n\n<div class=\"inherit-container-width wp-block-group is-layout-constrained\">\n<h2 class=\"wp-block-heading\">Formules et Tarifs<\/h2>\n\n\n\n<div class=\"inherit-container-width wp-block-group alignfull is-layout-constrained\">\n<p>Il existe trois types de forfait : Forfait 3 mois, Forfait 6 mois et Forfait 1an. Le d\u00e9tail des tarifs se trouvent <a href=\"http:\/\/dietetique-grenoble.fr\/index.php\/formules-tarifs\/\" data-type=\"URL\" data-id=\"http:\/\/dietetique-grenoble.fr\/index.php\/formules-tarifs\/\">ici<\/a>.<\/p>\n\n\n\n<p>Je fais des tarifs r\u00e9duits pour les \u00e9tudiants et les ch\u00f4meurs.<\/p>\n\n\n\n<figure class=\"wp-block-table is-style-stripes has-medium-font-size\"><table><tbody><tr><td>Bilan Nutritionnel<\/td><td>60\u20ac<\/td><\/tr><tr><td>Suivi Nutritionnel<\/td><td>40\u20ac<\/td><\/tr><\/tbody><\/table><\/figure>\n<\/div>\n<\/div>\n\n\n\n<div class=\"inherit-container-width wp-block-group is-layout-constrained\">\n<h2 class=\"wp-block-heading\">Contact<\/h2>\n\n\n\n<p>Mon cabinet se situe au 4\u00e8me \u00e9tage, 28 cours Jean Jaur\u00e8s, 38000 Grenoble. Il est facilement accessible, tous les d\u00e9tails concernant les transport se trouvent <a href=\"http:\/\/dietetique-grenoble.fr\/index.php\/contact\/\" data-type=\"URL\" data-id=\"http:\/\/dietetique-grenoble.fr\/index.php\/contact\/\">ici<\/a>.<\/p>\n\n\n\n<iframe src=\"https:\/\/www.google.com\/maps\/embed?pb=!1m18!1m12!1m3!1d1398.6112043451442!2d5.718666569970505!3d45.18977729789894!2m3!1f0!2f0!3f0!3m2!1i1024!2i768!4f13.1!3m3!1m2!1s0x478af486862cca65%3A0xf235270084081023!2s28%20Cr%20Jean%20Jaur%C3%A8s%2C%2038000%20Grenoble!5e1!3m2!1sfr!2sfr!4v1671552863501!5m2!1sfr!2sfr\" style=\"border:0;\" allowfullscreen=\"\" loading=\"lazy\" referrerpolicy=\"no-referrer-when-downgrade\" width=\"1100\" height=\"450\"><\/iframe>\n<\/div>\n\n\n\n<p><\/p>\n","protected":false},"excerpt":{"rendered":"<p>Di\u00e9t\u00e9ticienne -Nutritionniste \u00e0 Grenoble Di\u00e9t\u00e9ticienne-Nutritionniste depuis 9 ans, titulaire d\u2019un master en sant\u00e9 publique, sp\u00e9cialis\u00e9e dans la promotion, la pr\u00e9vention et l\u2019\u00e9ducation pour la sant\u00e9, je vous propose des consultations di\u00e9t\u00e9tiques, \u00e0 Grenoble. Ces consultations s\u2019adressent \u00e0 toutes les personnes qui souhaitent prendre soin de leur sant\u00e9&nbsp;(enfants, adolescents, adultes et personnes \u00e2g\u00e9es) pour des raisons &hellip;<\/p>\n<p class=\"read-more\"> <a class=\"\" href=\"https:\/\/dietetique-grenoble.fr\/\"> <span class=\"screen-reader-text\">\u00c9lodie Libert Di\u00e9t\u00e9ticienne<\/span> Lire la suite\u00a0\u00bb<\/a><\/p>\n","protected":false},"author":1,"featured_media":0,"parent":0,"menu_order":0,"comment_status":"closed","ping_status":"closed","template":"","meta":{"site-sidebar-layout":"default","site-content-layout":"default","ast-global-header-display":"","ast-banner-title-visibility":"","ast-main-header-display":"","ast-hfb-above-header-display":"","ast-hfb-below-header-display":"","ast-hfb-mobile-header-display":"","site-post-title":"disabled","ast-breadcrumbs-content":"","ast-featured-img":"","footer-sml-layout":"","theme-transparent-header-meta":"","adv-header-id-meta":"","stick-header-meta":"","header-above-stick-meta":"","header-main-stick-meta":"","header-below-stick-meta":""},"_links":{"self":[{"href":"https:\/\/dietetique-grenoble.fr\/index.php\/wp-json\/wp\/v2\/pages\/6"}],"collection":[{"href":"https:\/\/dietetique-grenoble.fr\/index.php\/wp-json\/wp\/v2\/pages"}],"about":[{"href":"https:\/\/dietetique-grenoble.fr\/index.php\/wp-json\/wp\/v2\/types\/page"}],"author":[{"embeddable":true,"href":"https:\/\/dietetique-grenoble.fr\/index.php\/wp-json\/wp\/v2\/users\/1"}],"replies":[{"embeddable":true,"href":"https:\/\/dietetique-grenoble.fr\/index.php\/wp-json\/wp\/v2\/comments?post=6"}],"version-history":[{"count":25,"href":"https:\/\/dietetique-grenoble.fr\/index.php\/wp-json\/wp\/v2\/pages\/6\/revisions"}],"predecessor-version":[{"id":383,"href":"https:\/\/dietetique-grenoble.fr\/index.php\/wp-json\/wp\/v2\/pages\/6\/revisions\/383"}],"wp:attachment":[{"href":"https:\/\/dietetique-grenoble.fr\/index.php\/wp-json\/wp\/v2\/media?parent=6"}],"curies":[{"name":"wp","href":"https:\/\/api.w.org\/{rel}","templated":true}]}}